{"id":351785,"date":"2024-03-18T12:24:56","date_gmt":"2024-03-18T10:24:56","guid":{"rendered":"https:\/\/figuet-technique.ch\/produit\/sila-plus-iq-2\/"},"modified":"2024-03-18T12:24:56","modified_gmt":"2024-03-18T10:24:56","slug":"sila-plus-iq-2","status":"publish","type":"product","link":"https:\/\/figuet-technique.ch\/de\/produit\/sila-plus-iq-2\/","title":{"rendered":"SILA PLUS iQ+"},"content":{"rendered":"<p>Der Hase Sila plus ist ein zeitloser Kaminofen. Mit einem Blickwinkel von 225\u00b0 dank seines drehbaren Brennpunkts wird er Sie mit seiner Effizienz und seinem Design-Look begeistern.<\/p>\n<p>Der 60 kg schwere Speicherblock im Ofen sorgt f\u00fcr eine l\u00e4ngere W\u00e4rmeabgabe.<\/p>\n<p>Ausgestattet mit der iQ+ Technologie, mit automatischer Regulierung der Luftzufuhr und einem Katalysator, der f\u00fcr ein extrem sauberes Feuer sorgt.<\/p>\n<p>Diese Technologie analysiert die Temperatur im Kamin und steuert die Luftzufuhr. Die Sauerstoffversorgung wird perfekt kontrolliert und die CO2-Emissionen werden reduziert.<\/p>\n<p>Die mobile Anwendung erm\u00f6glicht eine effiziente \u00dcberwachung des Feuers. Der ideale Zeitpunkt zum Nachlegen von Holz wird vom Ofen und auch in der Anwendung angezeigt.<\/p>\n<p>Es gibt keine Ausreden mehr, das Feuer zu verpassen!<\/p>\n","protected":false},"excerpt":{"rendered":"<p>Drei Farben<\/p>\n","protected":false},"featured_media":252413,"comment_status":"closed","ping_status":"closed","template":"","meta":{"_acf_changed":false},"product_brand":[],"product_cat":[374],"product_tag":[],"class_list":{"0":"post-351785","1":"product","2":"type-product","3":"status-publish","4":"has-post-thumbnail","6":"product_cat-holzofen","7":"pa_marque-hase-de","9":"first","10":"instock","11":"taxable","12":"shipping-taxable","13":"purchasable","14":"product-type-variable","15":"has-default-attributes"},"acf":[],"_links":{"self":[{"href":"https:\/\/figuet-technique.ch\/de\/wp-json\/wp\/v2\/product\/351785","targetHints":{"allow":["GET"]}}],"collection":[{"href":"https:\/\/figuet-technique.ch\/de\/wp-json\/wp\/v2\/product"}],"about":[{"href":"https:\/\/figuet-technique.ch\/de\/wp-json\/wp\/v2\/types\/product"}],"replies":[{"embeddable":true,"href":"https:\/\/figuet-technique.ch\/de\/wp-json\/wp\/v2\/comments?post=351785"}],"wp:featuredmedia":[{"embeddable":true,"href":"https:\/\/figuet-technique.ch\/de\/wp-json\/wp\/v2\/media\/252413"}],"wp:attachment":[{"href":"https:\/\/figuet-technique.ch\/de\/wp-json\/wp\/v2\/media?parent=351785"}],"wp:term":[{"taxonomy":"product_brand","embeddable":true,"href":"https:\/\/figuet-technique.ch\/de\/wp-json\/wp\/v2\/product_brand?post=351785"},{"taxonomy":"product_cat","embeddable":true,"href":"https:\/\/figuet-technique.ch\/de\/wp-json\/wp\/v2\/product_cat?post=351785"},{"taxonomy":"product_tag","embeddable":true,"href":"https:\/\/figuet-technique.ch\/de\/wp-json\/wp\/v2\/product_tag?post=351785"}],"curies":[{"name":"wp","href":"https:\/\/api.w.org\/{rel}","templated":true}]}}