{"id":351901,"date":"2024-03-05T12:50:46","date_gmt":"2024-03-05T10:50:46","guid":{"rendered":"https:\/\/figuet-technique.ch\/produit\/padua-l-160\/"},"modified":"2024-03-05T12:50:46","modified_gmt":"2024-03-05T10:50:46","slug":"padua-l-160","status":"publish","type":"product","link":"https:\/\/figuet-technique.ch\/de\/produit\/padua-l-160\/","title":{"rendered":"PADUA L 160"},"content":{"rendered":"<p>Padua L 160 (Sicht auf das Feuer von vorne und von links)<\/p>\n<p>Mit seiner handgefertigten Keramik in drei einzigartigen Farben und dem gro\u00dfen Panorama-Feuerraum gibt es keinen Zweifel, dass es sich um den Kaminofen Padua 160 handelt.<\/p>\n<p>Mit der optionalen Buchstabensammlung ist er auch mit Speicherbl\u00f6cken erh\u00e4ltlich, die die vom Kamin abgegebene W\u00e4rme speichern und langsam in Ihrem Raum verteilen.<\/p>\n<p>Auch mit Feuersicht auf der rechten Seite des Kamins erh\u00e4ltlich (Padua R).<\/p>\n","protected":false},"excerpt":{"rendered":"<p>F\u00fcnf Farben zur Auswahl, <strong>solange<\/strong> der Vorrat reicht<\/p>\n","protected":false},"featured_media":251956,"comment_status":"closed","ping_status":"closed","template":"","meta":{"_acf_changed":false},"product_brand":[],"product_cat":[374],"product_tag":[],"class_list":{"0":"post-351901","1":"product","2":"type-product","3":"status-publish","4":"has-post-thumbnail","6":"product_cat-holzofen","7":"pa_marque-hase-de","9":"first","10":"instock","11":"sale","12":"taxable","13":"shipping-taxable","14":"purchasable","15":"product-type-variable"},"acf":[],"_links":{"self":[{"href":"https:\/\/figuet-technique.ch\/de\/wp-json\/wp\/v2\/product\/351901","targetHints":{"allow":["GET"]}}],"collection":[{"href":"https:\/\/figuet-technique.ch\/de\/wp-json\/wp\/v2\/product"}],"about":[{"href":"https:\/\/figuet-technique.ch\/de\/wp-json\/wp\/v2\/types\/product"}],"replies":[{"embeddable":true,"href":"https:\/\/figuet-technique.ch\/de\/wp-json\/wp\/v2\/comments?post=351901"}],"wp:featuredmedia":[{"embeddable":true,"href":"https:\/\/figuet-technique.ch\/de\/wp-json\/wp\/v2\/media\/251956"}],"wp:attachment":[{"href":"https:\/\/figuet-technique.ch\/de\/wp-json\/wp\/v2\/media?parent=351901"}],"wp:term":[{"taxonomy":"product_brand","embeddable":true,"href":"https:\/\/figuet-technique.ch\/de\/wp-json\/wp\/v2\/product_brand?post=351901"},{"taxonomy":"product_cat","embeddable":true,"href":"https:\/\/figuet-technique.ch\/de\/wp-json\/wp\/v2\/product_cat?post=351901"},{"taxonomy":"product_tag","embeddable":true,"href":"https:\/\/figuet-technique.ch\/de\/wp-json\/wp\/v2\/product_tag?post=351901"}],"curies":[{"name":"wp","href":"https:\/\/api.w.org\/{rel}","templated":true}]}}