{"id":351951,"date":"2024-03-07T11:25:34","date_gmt":"2024-03-07T09:25:34","guid":{"rendered":"https:\/\/figuet-technique.ch\/produit\/osaka\/"},"modified":"2024-03-07T11:25:34","modified_gmt":"2024-03-07T09:25:34","slug":"osaka","status":"publish","type":"product","link":"https:\/\/figuet-technique.ch\/de\/produit\/osaka\/","title":{"rendered":"OSAKA"},"content":{"rendered":"<p>Der Holzofen Osaka ist praktisch und effizient.<\/p>\n<p>Er ist in drei Stahlfarben und drei Keramikfarben erh\u00e4ltlich und eignet sich hervorragend f\u00fcr kleine bis mittelgro\u00dfe R\u00e4ume.<\/p>\n<p>Dieser Holzofen wurde entworfen, um Ihr Zuhause mit handgefertigter Keramik und einem raffinierten Design zu versch\u00f6nern. Er verf\u00fcgt \u00fcber ein 120\u00b0-Drehsystem, mit dem Sie die Flammen nach Ihren W\u00fcnschen ausrichten k\u00f6nnen.<\/p>\n","protected":false},"excerpt":{"rendered":"<p>9 m\u00f6gliche Varianten!<\/p>\n","protected":false},"featured_media":252221,"comment_status":"closed","ping_status":"closed","template":"","meta":{"_acf_changed":false},"product_brand":[],"product_cat":[374],"product_tag":[],"class_list":{"0":"post-351951","1":"product","2":"type-product","3":"status-publish","4":"has-post-thumbnail","6":"product_cat-holzofen","7":"pa_marque-hase-de","9":"first","10":"instock","11":"sale","12":"taxable","13":"shipping-taxable","14":"purchasable","15":"product-type-variable","16":"has-default-attributes"},"acf":[],"_links":{"self":[{"href":"https:\/\/figuet-technique.ch\/de\/wp-json\/wp\/v2\/product\/351951","targetHints":{"allow":["GET"]}}],"collection":[{"href":"https:\/\/figuet-technique.ch\/de\/wp-json\/wp\/v2\/product"}],"about":[{"href":"https:\/\/figuet-technique.ch\/de\/wp-json\/wp\/v2\/types\/product"}],"replies":[{"embeddable":true,"href":"https:\/\/figuet-technique.ch\/de\/wp-json\/wp\/v2\/comments?post=351951"}],"wp:featuredmedia":[{"embeddable":true,"href":"https:\/\/figuet-technique.ch\/de\/wp-json\/wp\/v2\/media\/252221"}],"wp:attachment":[{"href":"https:\/\/figuet-technique.ch\/de\/wp-json\/wp\/v2\/media?parent=351951"}],"wp:term":[{"taxonomy":"product_brand","embeddable":true,"href":"https:\/\/figuet-technique.ch\/de\/wp-json\/wp\/v2\/product_brand?post=351951"},{"taxonomy":"product_cat","embeddable":true,"href":"https:\/\/figuet-technique.ch\/de\/wp-json\/wp\/v2\/product_cat?post=351951"},{"taxonomy":"product_tag","embeddable":true,"href":"https:\/\/figuet-technique.ch\/de\/wp-json\/wp\/v2\/product_tag?post=351951"}],"curies":[{"name":"wp","href":"https:\/\/api.w.org\/{rel}","templated":true}]}}