{"id":352022,"date":"2024-03-04T12:11:10","date_gmt":"2024-03-04T10:11:10","guid":{"rendered":"https:\/\/figuet-technique.ch\/produit\/padua-r-185\/"},"modified":"2024-03-04T12:11:10","modified_gmt":"2024-03-04T10:11:10","slug":"padua-r-185","status":"publish","type":"product","link":"https:\/\/figuet-technique.ch\/de\/produit\/padua-r-185\/","title":{"rendered":"PADUA R 185"},"content":{"rendered":"<p>Padua R 185 (Sicht auf das Feuer von vorne und rechts)<\/p>\n<p>Mit seiner handgefertigten Keramik in drei einzigartigen Farben und dem gro\u00dfen Panorama-Feuerraum gibt es keinen Zweifel, dass es sich um den Kaminofen Padua 185 handelt.<\/p>\n<p>Mit der optionalen Buchstabensammlung ist er auch mit Speicherbl\u00f6cken erh\u00e4ltlich, die die vom Kamin abgegebene W\u00e4rme speichern und langsam in Ihrem Raum verteilen.<\/p>\n<p>Auch mit Feuersicht auf der linken Seite des Kamins erh\u00e4ltlich (Padua L).<\/p>\n","protected":false},"excerpt":{"rendered":"<p>Drei Farben zur Auswahl.<\/p>\n","protected":false},"featured_media":252000,"comment_status":"closed","ping_status":"closed","template":"","meta":{"_acf_changed":false},"product_brand":[],"product_cat":[374],"product_tag":[],"class_list":{"0":"post-352022","1":"product","2":"type-product","3":"status-publish","4":"has-post-thumbnail","6":"product_cat-holzofen","7":"pa_marque-hase-de","9":"first","10":"instock","11":"taxable","12":"shipping-taxable","13":"purchasable","14":"product-type-variable"},"acf":[],"_links":{"self":[{"href":"https:\/\/figuet-technique.ch\/de\/wp-json\/wp\/v2\/product\/352022","targetHints":{"allow":["GET"]}}],"collection":[{"href":"https:\/\/figuet-technique.ch\/de\/wp-json\/wp\/v2\/product"}],"about":[{"href":"https:\/\/figuet-technique.ch\/de\/wp-json\/wp\/v2\/types\/product"}],"replies":[{"embeddable":true,"href":"https:\/\/figuet-technique.ch\/de\/wp-json\/wp\/v2\/comments?post=352022"}],"wp:featuredmedia":[{"embeddable":true,"href":"https:\/\/figuet-technique.ch\/de\/wp-json\/wp\/v2\/media\/252000"}],"wp:attachment":[{"href":"https:\/\/figuet-technique.ch\/de\/wp-json\/wp\/v2\/media?parent=352022"}],"wp:term":[{"taxonomy":"product_brand","embeddable":true,"href":"https:\/\/figuet-technique.ch\/de\/wp-json\/wp\/v2\/product_brand?post=352022"},{"taxonomy":"product_cat","embeddable":true,"href":"https:\/\/figuet-technique.ch\/de\/wp-json\/wp\/v2\/product_cat?post=352022"},{"taxonomy":"product_tag","embeddable":true,"href":"https:\/\/figuet-technique.ch\/de\/wp-json\/wp\/v2\/product_tag?post=352022"}],"curies":[{"name":"wp","href":"https:\/\/api.w.org\/{rel}","templated":true}]}}